{"id":34,"date":"2013-10-28T19:22:19","date_gmt":"2013-10-28T19:22:19","guid":{"rendered":"http:\/\/www.mercedespuertareal.com\/?page_id=34"},"modified":"2017-12-11T21:41:17","modified_gmt":"2017-12-11T19:41:17","slug":"reglas","status":"publish","type":"page","link":"https:\/\/www.mercedespuertareal.com\/?page_id=34","title":{"rendered":"Reglas"},"content":{"rendered":"<p style=\"text-align: left;\">Las actuales Reglas de la Hermandad corresponden al \u00faltimo proyecto aprobado en Cabildo General de Hermanos el pasado 12 de octubre de 2012 y ratificadas\u00a0por la Autoridad Eclesi\u00e1stica el pasado 18 de diciembre de 2013.<\/p>\n<p style=\"text-align: justify;\">[gview file=\u00bbhttps:\/\/www.mercedespuertareal.com\/wp-content\/uploads\/2013\/10\/Reglas_MercedesPuertaReal.pdf\u00bb]<\/p>\n<p style=\"text-align: justify;\">Las reglas 24.5 y 74.3 tras la aprobaci\u00f3n de los hermanos para su modificaci\u00f3n y posteriormente por la Autoridad Eclesi\u00e1stica han quedado conformadas de la siguiente manera:<\/p>\n<p style=\"text-align: justify;\"><a href=\"https:\/\/www.mercedespuertareal.com\/?attachment_id=3276\" rel=\"attachment wp-att-3276\">Decreto modificaci\u00f3n Reglas I<\/a><\/p>\n<p style=\"text-align: justify;\"><a href=\"https:\/\/www.mercedespuertareal.com\/?attachment_id=3277\" rel=\"attachment wp-att-3277\">Decreto modificaci\u00f3n Reglas II<\/a><\/p>\n","protected":false},"excerpt":{"rendered":"<p>Las actuales Reglas de la Hermandad corresponden al \u00faltimo proyecto aprobado en Cabildo General de Hermanos el pasado 12 de octubre de 2012 y ratificadas\u00a0por la Autoridad Eclesi\u00e1stica el pasado 18 de diciembre de 2013. [gview file=\u00bbhttps:\/\/www.mercedespuertareal.com\/wp-content\/uploads\/2013\/10\/Reglas_MercedesPuertaReal.pdf\u00bb] Las reglas 24.5 y 74.3 tras la aprobaci\u00f3n de los hermanos para su modificaci\u00f3n y posteriormente por la Autoridad Eclesi\u00e1stica han quedado conformadas de la siguiente manera: Decreto modificaci\u00f3n Reglas I Decreto modificaci\u00f3n Reglas II<\/p>\n","protected":false},"author":19,"featured_media":0,"parent":0,"menu_order":0,"comment_status":"closed","ping_status":"closed","template":"","meta":{"footnotes":""},"class_list":["post-34","page","type-page","status-publish","hentry"],"_links":{"self":[{"href":"https:\/\/www.mercedespuertareal.com\/index.php?rest_route=\/wp\/v2\/pages\/34","targetHints":{"allow":["GET"]}}],"collection":[{"href":"https:\/\/www.mercedespuertareal.com\/index.php?rest_route=\/wp\/v2\/pages"}],"about":[{"href":"https:\/\/www.mercedespuertareal.com\/index.php?rest_route=\/wp\/v2\/types\/page"}],"author":[{"embeddable":true,"href":"https:\/\/www.mercedespuertareal.com\/index.php?rest_route=\/wp\/v2\/users\/19"}],"replies":[{"embeddable":true,"href":"https:\/\/www.mercedespuertareal.com\/index.php?rest_route=%2Fwp%2Fv2%2Fcomments&post=34"}],"version-history":[{"count":13,"href":"https:\/\/www.mercedespuertareal.com\/index.php?rest_route=\/wp\/v2\/pages\/34\/revisions"}],"predecessor-version":[{"id":3278,"href":"https:\/\/www.mercedespuertareal.com\/index.php?rest_route=\/wp\/v2\/pages\/34\/revisions\/3278"}],"wp:attachment":[{"href":"https:\/\/www.mercedespuertareal.com\/index.php?rest_route=%2Fwp%2Fv2%2Fmedia&parent=34"}],"curies":[{"name":"wp","href":"https:\/\/api.w.org\/{rel}","templated":true}]}}