{"id":544,"date":"2013-11-11T09:06:00","date_gmt":"2013-11-11T09:06:00","guid":{"rendered":"http:\/\/www.mercedespuertareal.com\/?page_id=544"},"modified":"2013-11-13T20:06:14","modified_gmt":"2013-11-13T20:06:14","slug":"santo-cristo-de-la-redencion","status":"publish","type":"page","link":"https:\/\/www.mercedespuertareal.com\/?page_id=544","title":{"rendered":"Santo Cristo de la Redenci\u00f3n"},"content":{"rendered":"<p style=\"text-align: justify;\"><img loading=\"lazy\" decoding=\"async\" class=\"alignright  wp-image-649\" title=\"Santo Cristo de la Redenci\u00f3n\" alt=\"Santo Cristo de la Redenci\u00f3n\" src=\"https:\/\/www.mercedespuertareal.com\/wp-content\/uploads\/2013\/11\/DSC_0072.jpg\" width=\"284\" height=\"424\" srcset=\"https:\/\/www.mercedespuertareal.com\/wp-content\/uploads\/2013\/11\/DSC_0072.jpg 500w, https:\/\/www.mercedespuertareal.com\/wp-content\/uploads\/2013\/11\/DSC_0072-200x300.jpg 200w\" sizes=\"auto, (max-width: 284px) 100vw, 284px\" \/>Desde 1875 la Hermandad de Ntra. Sra. de las Mercedes de la Puerta Real tiene como titular al Cristo de la Redenci\u00f3n, en referencia a la imagen de Jes\u00fas Crucificado que estaba al otro lado de la puerta.<\/p>\n<p style=\"text-align: justify;\">El antiguo Crucificado de este t\u00edtulo era una efigie hecha en pasta de papel que se conservaba en malas condiciones.<\/p>\n<p style=\"text-align: justify;\">La actual imagen es obra del insigne imaginero Antonio J. Dub\u00e9 de Luque, realizada en 1987 en madera de cedro y de tama\u00f1o acad\u00e9mico. Es una escultura en madera seg\u00fan los c\u00e1nones realistas del barroco sevillano, flexionada, que mide en l\u00ednea recta 1,57 m.<\/p>\n<p style=\"text-align: justify;\">Fue bendecido dos a\u00f1os mas tarde en febrero de 1989, en la parroquia de San Vicente.<\/p>\n<p style=\"text-align: justify;\">En el 2004 fue restaurada la cruz del Se\u00f1or al haberse detectado problemas de xil\u00f3fagos en el cajillo de la cruz.<\/p>\n<p style=\"text-align: justify;\">Hasta hace unos a\u00f1os adem\u00e1s de los anuales cultos (Besapi\u00e9s, Solemne Funci\u00f3n y Meditaci\u00f3n), se realizaba un V\u00eda Crucis externo con el Stmo. Cristo por las calles de la feligres\u00eda, acto que se dej\u00f3 de realizar por motivos que se desconocen.<\/p>\n<p style=\"text-align: justify;\">En el a\u00f1o 2012, con motivo del XXV aniversario de la ejecuci\u00f3n de la talla, la Hermandad dot\u00f3 de un car\u00e1cter extraordinario los anuales cultos de Cuaresma, celebr\u00e1ndose el viernes 9 de marzo el acto del V\u00eda Crucis de manera externa por las calles de la feligres\u00eda hasta la Parroquia de San Vicente, donde permaneci\u00f3 toda la jornada del s\u00e1bado en besapi\u00e9s y regres\u00f3 a la Capilla tras la celebraci\u00f3n de la Solemne Funci\u00f3n en su honor.<\/p>\n","protected":false},"excerpt":{"rendered":"<p>Desde 1875 la Hermandad de Ntra. Sra. de las Mercedes de la Puerta Real tiene como titular al Cristo de la Redenci\u00f3n, en referencia a la imagen de Jes\u00fas Crucificado que estaba al otro lado de la puerta. El antiguo Crucificado de este t\u00edtulo era una efigie hecha en pasta de papel que se conservaba en malas condiciones. La actual imagen es obra del insigne imaginero Antonio J. Dub\u00e9 de Luque, realizada en 1987 en madera de cedro y de tama\u00f1o acad\u00e9mico. Es una escultura en madera seg\u00fan los c\u00e1nones realistas del barroco sevillano, flexionada, que mide en l\u00ednea recta 1,57 m. Fue bendecido dos a\u00f1os mas tarde en febrero de 1989, en la parroquia de San Vicente. En el 2004 fue restaurada la cruz del Se\u00f1or al haberse detectado problemas de xil\u00f3fagos en el cajillo de la cruz. Hasta hace unos a\u00f1os adem\u00e1s de los anuales cultos (Besapi\u00e9s, Solemne Funci\u00f3n y Meditaci\u00f3n), se realizaba un V\u00eda Crucis externo con el Stmo. Cristo por las calles de la feligres\u00eda, acto que se dej\u00f3 de realizar por motivos que se desconocen. En el a\u00f1o 2012, con motivo del XXV aniversario de la ejecuci\u00f3n de la talla, la Hermandad dot\u00f3 de un car\u00e1cter extraordinario los anuales cultos de Cuaresma, celebr\u00e1ndose el viernes 9 de marzo el acto del V\u00eda Crucis de manera externa por las calles de la feligres\u00eda hasta la Parroquia de San Vicente, donde permaneci\u00f3 toda la jornada del s\u00e1bado en besapi\u00e9s y regres\u00f3 a la Capilla tras la celebraci\u00f3n de la Solemne Funci\u00f3n en su honor.<\/p>\n","protected":false},"author":19,"featured_media":0,"parent":0,"menu_order":0,"comment_status":"closed","ping_status":"closed","template":"","meta":{"footnotes":""},"class_list":["post-544","page","type-page","status-publish","hentry"],"_links":{"self":[{"href":"https:\/\/www.mercedespuertareal.com\/index.php?rest_route=\/wp\/v2\/pages\/544","targetHints":{"allow":["GET"]}}],"collection":[{"href":"https:\/\/www.mercedespuertareal.com\/index.php?rest_route=\/wp\/v2\/pages"}],"about":[{"href":"https:\/\/www.mercedespuertareal.com\/index.php?rest_route=\/wp\/v2\/types\/page"}],"author":[{"embeddable":true,"href":"https:\/\/www.mercedespuertareal.com\/index.php?rest_route=\/wp\/v2\/users\/19"}],"replies":[{"embeddable":true,"href":"https:\/\/www.mercedespuertareal.com\/index.php?rest_route=%2Fwp%2Fv2%2Fcomments&post=544"}],"version-history":[{"count":10,"href":"https:\/\/www.mercedespuertareal.com\/index.php?rest_route=\/wp\/v2\/pages\/544\/revisions"}],"predecessor-version":[{"id":702,"href":"https:\/\/www.mercedespuertareal.com\/index.php?rest_route=\/wp\/v2\/pages\/544\/revisions\/702"}],"wp:attachment":[{"href":"https:\/\/www.mercedespuertareal.com\/index.php?rest_route=%2Fwp%2Fv2%2Fmedia&parent=544"}],"curies":[{"name":"wp","href":"https:\/\/api.w.org\/{rel}","templated":true}]}}